{"id":492,"date":"2021-10-08T12:40:11","date_gmt":"2021-10-08T10:40:11","guid":{"rendered":"http:\/\/wanderfreunde-wiltingen.de\/?page_id=492"},"modified":"2025-12-17T09:17:21","modified_gmt":"2025-12-17T08:17:21","slug":"feiern-auf-der-geispiffer-huette","status":"publish","type":"page","link":"https:\/\/wanderfreunde-wiltingen.de\/index.php\/feiern-auf-der-geispiffer-huette\/","title":{"rendered":"Feiern auf der Geispifferh\u00fctte"},"content":{"rendered":"\r\n<p><strong><span style=\"font-size: 14pt;\">Ob Geburtstag, Hochzeit, Abifeier, Kindtaufe, Familienfeier, oder &#8230;<\/span><\/strong><\/p>\r\n<p>das ideale Gel\u00e4nde, um ungest\u00f6rt zu feiern.<\/p>\r\n<figure id=\"attachment_940\" aria-describedby=\"caption-attachment-940\" style=\"width: 300px\" class=\"wp-caption alignnone\"><img data-recalc-dims=\"1\" loading=\"lazy\" decoding=\"async\" data-attachment-id=\"940\" data-permalink=\"https:\/\/wanderfreunde-wiltingen.de\/index.php\/wanderverein-wiltingen\/geispifferhuette-1\/\" data-orig-file=\"https:\/\/i0.wp.com\/wanderfreunde-wiltingen.de\/wp-content\/uploads\/2025\/09\/Geispifferhuette-1.jpg?fit=800%2C600&amp;ssl=1\" data-orig-size=\"800,600\" data-comments-opened=\"1\" data-image-meta=\"{&quot;aperture&quot;:&quot;0&quot;,&quot;credit&quot;:&quot;&quot;,&quot;camera&quot;:&quot;&quot;,&quot;caption&quot;:&quot;&quot;,&quot;created_timestamp&quot;:&quot;0&quot;,&quot;copyright&quot;:&quot;&quot;,&quot;focal_length&quot;:&quot;0&quot;,&quot;iso&quot;:&quot;0&quot;,&quot;shutter_speed&quot;:&quot;0&quot;,&quot;title&quot;:&quot;&quot;,&quot;orientation&quot;:&quot;0&quot;}\" data-image-title=\"Geispifferh\u00fctte-1\" data-image-description=\"\" data-image-caption=\"\" data-large-file=\"https:\/\/i0.wp.com\/wanderfreunde-wiltingen.de\/wp-content\/uploads\/2025\/09\/Geispifferhuette-1.jpg?fit=800%2C600&amp;ssl=1\" class=\"wp-image-940 size-medium\" src=\"https:\/\/i0.wp.com\/wanderfreunde-wiltingen.de\/wp-content\/uploads\/2025\/09\/Geispifferhuette-1.jpg?resize=300%2C225\" alt=\"\" width=\"300\" height=\"225\" srcset=\"https:\/\/i0.wp.com\/wanderfreunde-wiltingen.de\/wp-content\/uploads\/2025\/09\/Geispifferhuette-1.jpg?resize=300%2C225&amp;ssl=1 300w, https:\/\/i0.wp.com\/wanderfreunde-wiltingen.de\/wp-content\/uploads\/2025\/09\/Geispifferhuette-1.jpg?resize=768%2C576&amp;ssl=1 768w, https:\/\/i0.wp.com\/wanderfreunde-wiltingen.de\/wp-content\/uploads\/2025\/09\/Geispifferhuette-1.jpg?w=800&amp;ssl=1 800w\" sizes=\"auto, (max-width: 300px) 100vw, 300px\" \/><figcaption id=\"caption-attachment-940\" class=\"wp-caption-text\">Eingangsportal<\/figcaption><\/figure>\r\n<figure id=\"attachment_945\" aria-describedby=\"caption-attachment-945\" style=\"width: 300px\" class=\"wp-caption alignnone\"><img data-recalc-dims=\"1\" loading=\"lazy\" decoding=\"async\" data-attachment-id=\"945\" data-permalink=\"https:\/\/wanderfreunde-wiltingen.de\/index.php\/wanderverein-wiltingen\/grillhuette-2005-7\/\" data-orig-file=\"https:\/\/i0.wp.com\/wanderfreunde-wiltingen.de\/wp-content\/uploads\/2025\/09\/Grillhuette-2005-7-e1759226947237.jpg?fit=750%2C708&amp;ssl=1\" data-orig-size=\"750,708\" data-comments-opened=\"1\" data-image-meta=\"{&quot;aperture&quot;:&quot;2.8&quot;,&quot;credit&quot;:&quot;&quot;,&quot;camera&quot;:&quot;ND-4020 Digital Camera&quot;,&quot;caption&quot;:&quot;&quot;,&quot;created_timestamp&quot;:&quot;1116610324&quot;,&quot;copyright&quot;:&quot;Copyright, NYTECH Corp, 03&quot;,&quot;focal_length&quot;:&quot;8&quot;,&quot;iso&quot;:&quot;100&quot;,&quot;shutter_speed&quot;:&quot;0.004&quot;,&quot;title&quot;:&quot;&quot;,&quot;orientation&quot;:&quot;1&quot;}\" data-image-title=\"Grillh\u00fctte 2005-7\" data-image-description=\"\" data-image-caption=\"\" data-large-file=\"https:\/\/i0.wp.com\/wanderfreunde-wiltingen.de\/wp-content\/uploads\/2025\/09\/Grillhuette-2005-7-e1759226947237.jpg?fit=1024%2C768&amp;ssl=1\" class=\"wp-image-945 size-medium\" src=\"https:\/\/i0.wp.com\/wanderfreunde-wiltingen.de\/wp-content\/uploads\/2025\/09\/Grillhuette-2005-7-e1759226947237-300x283.jpg?resize=300%2C283\" alt=\"\" width=\"300\" height=\"283\" srcset=\"https:\/\/i0.wp.com\/wanderfreunde-wiltingen.de\/wp-content\/uploads\/2025\/09\/Grillhuette-2005-7-e1759226947237.jpg?resize=300%2C283&amp;ssl=1 300w, https:\/\/i0.wp.com\/wanderfreunde-wiltingen.de\/wp-content\/uploads\/2025\/09\/Grillhuette-2005-7-e1759226947237.jpg?w=750&amp;ssl=1 750w\" sizes=\"auto, (max-width: 300px) 100vw, 300px\" \/><figcaption id=\"caption-attachment-945\" class=\"wp-caption-text\">Geispifferh\u00fctte mit ca. 70 Sitzpl\u00e4tzen im Innenbereich<\/figcaption><\/figure>\r\n<figure id=\"attachment_941\" aria-describedby=\"caption-attachment-941\" style=\"width: 300px\" class=\"wp-caption alignnone\"><img data-recalc-dims=\"1\" loading=\"lazy\" decoding=\"async\" data-attachment-id=\"941\" data-permalink=\"https:\/\/wanderfreunde-wiltingen.de\/index.php\/wanderverein-wiltingen\/geispifferhuette\/\" data-orig-file=\"https:\/\/i0.wp.com\/wanderfreunde-wiltingen.de\/wp-content\/uploads\/2025\/09\/Geispifferhuette.jpg?fit=1280%2C960&amp;ssl=1\" data-orig-size=\"1280,960\" data-comments-opened=\"1\" data-image-meta=\"{&quot;aperture&quot;:&quot;2.8&quot;,&quot;credit&quot;:&quot;&quot;,&quot;camera&quot;:&quot;ND-4020 Digital Camera&quot;,&quot;caption&quot;:&quot;&quot;,&quot;created_timestamp&quot;:&quot;1116610310&quot;,&quot;copyright&quot;:&quot;Copyright, NYTECH Corp, 03&quot;,&quot;focal_length&quot;:&quot;8&quot;,&quot;iso&quot;:&quot;100&quot;,&quot;shutter_speed&quot;:&quot;0.004&quot;,&quot;title&quot;:&quot;&quot;,&quot;orientation&quot;:&quot;1&quot;}\" data-image-title=\"Geispifferh\u00fctte\" data-image-description=\"\" data-image-caption=\"\" data-large-file=\"https:\/\/i0.wp.com\/wanderfreunde-wiltingen.de\/wp-content\/uploads\/2025\/09\/Geispifferhuette.jpg?fit=1024%2C768&amp;ssl=1\" class=\"wp-image-941 size-medium\" src=\"https:\/\/i0.wp.com\/wanderfreunde-wiltingen.de\/wp-content\/uploads\/2025\/09\/Geispifferhuette.jpg?resize=300%2C225\" alt=\"\" width=\"300\" height=\"225\" srcset=\"https:\/\/i0.wp.com\/wanderfreunde-wiltingen.de\/wp-content\/uploads\/2025\/09\/Geispifferhuette.jpg?resize=300%2C225&amp;ssl=1 300w, https:\/\/i0.wp.com\/wanderfreunde-wiltingen.de\/wp-content\/uploads\/2025\/09\/Geispifferhuette.jpg?resize=1024%2C768&amp;ssl=1 1024w, https:\/\/i0.wp.com\/wanderfreunde-wiltingen.de\/wp-content\/uploads\/2025\/09\/Geispifferhuette.jpg?resize=768%2C576&amp;ssl=1 768w, https:\/\/i0.wp.com\/wanderfreunde-wiltingen.de\/wp-content\/uploads\/2025\/09\/Geispifferhuette.jpg?w=1280&amp;ssl=1 1280w\" sizes=\"auto, (max-width: 300px) 100vw, 300px\" \/><figcaption id=\"caption-attachment-941\" class=\"wp-caption-text\">Geispifferh\u00fctte mit ca. 80 Sitzpl\u00e4tzen im Au\u00dfenbereich<\/figcaption><\/figure>\r\n<figure id=\"attachment_943\" aria-describedby=\"caption-attachment-943\" style=\"width: 300px\" class=\"wp-caption alignnone\"><img data-recalc-dims=\"1\" loading=\"lazy\" decoding=\"async\" data-attachment-id=\"943\" data-permalink=\"https:\/\/wanderfreunde-wiltingen.de\/index.php\/wanderverein-wiltingen\/gelaende-geispifferhuette\/\" data-orig-file=\"https:\/\/i0.wp.com\/wanderfreunde-wiltingen.de\/wp-content\/uploads\/2025\/09\/Gelaende-Geispifferhuette.jpg?fit=800%2C600&amp;ssl=1\" data-orig-size=\"800,600\" data-comments-opened=\"1\" data-image-meta=\"{&quot;aperture&quot;:&quot;0&quot;,&quot;credit&quot;:&quot;&quot;,&quot;camera&quot;:&quot;&quot;,&quot;caption&quot;:&quot;&quot;,&quot;created_timestamp&quot;:&quot;0&quot;,&quot;copyright&quot;:&quot;&quot;,&quot;focal_length&quot;:&quot;0&quot;,&quot;iso&quot;:&quot;0&quot;,&quot;shutter_speed&quot;:&quot;0&quot;,&quot;title&quot;:&quot;&quot;,&quot;orientation&quot;:&quot;0&quot;}\" data-image-title=\"Gel\u00e4nde Geispifferh\u00fctte\" data-image-description=\"\" data-image-caption=\"\" data-large-file=\"https:\/\/i0.wp.com\/wanderfreunde-wiltingen.de\/wp-content\/uploads\/2025\/09\/Gelaende-Geispifferhuette.jpg?fit=800%2C600&amp;ssl=1\" class=\"wp-image-943 size-medium\" src=\"https:\/\/i0.wp.com\/wanderfreunde-wiltingen.de\/wp-content\/uploads\/2025\/09\/Gelaende-Geispifferhuette.jpg?resize=300%2C225\" alt=\"\" width=\"300\" height=\"225\" srcset=\"https:\/\/i0.wp.com\/wanderfreunde-wiltingen.de\/wp-content\/uploads\/2025\/09\/Gelaende-Geispifferhuette.jpg?resize=300%2C225&amp;ssl=1 300w, https:\/\/i0.wp.com\/wanderfreunde-wiltingen.de\/wp-content\/uploads\/2025\/09\/Gelaende-Geispifferhuette.jpg?resize=768%2C576&amp;ssl=1 768w, https:\/\/i0.wp.com\/wanderfreunde-wiltingen.de\/wp-content\/uploads\/2025\/09\/Gelaende-Geispifferhuette.jpg?w=800&amp;ssl=1 800w\" sizes=\"auto, (max-width: 300px) 100vw, 300px\" \/><figcaption id=\"caption-attachment-943\" class=\"wp-caption-text\">Au\u00dfengrill<\/figcaption><\/figure>\r\n<figure id=\"attachment_946\" aria-describedby=\"caption-attachment-946\" style=\"width: 300px\" class=\"wp-caption alignnone\"><img data-recalc-dims=\"1\" loading=\"lazy\" decoding=\"async\" data-attachment-id=\"946\" data-permalink=\"https:\/\/wanderfreunde-wiltingen.de\/index.php\/wanderverein-wiltingen\/spielplatz-geispifferhuette\/\" data-orig-file=\"https:\/\/i0.wp.com\/wanderfreunde-wiltingen.de\/wp-content\/uploads\/2025\/09\/Spielplatz-Geispifferhuette.jpg?fit=1280%2C960&amp;ssl=1\" data-orig-size=\"1280,960\" data-comments-opened=\"1\" data-image-meta=\"{&quot;aperture&quot;:&quot;2.8&quot;,&quot;credit&quot;:&quot;&quot;,&quot;camera&quot;:&quot;ND-4020 Digital Camera&quot;,&quot;caption&quot;:&quot;&quot;,&quot;created_timestamp&quot;:&quot;1116610302&quot;,&quot;copyright&quot;:&quot;Copyright, NYTECH Corp, 03&quot;,&quot;focal_length&quot;:&quot;8&quot;,&quot;iso&quot;:&quot;100&quot;,&quot;shutter_speed&quot;:&quot;0.0039840637450199&quot;,&quot;title&quot;:&quot;&quot;,&quot;orientation&quot;:&quot;1&quot;}\" data-image-title=\"Spielplatz Geispifferh\u00fctte\" data-image-description=\"\" data-image-caption=\"\" data-large-file=\"https:\/\/i0.wp.com\/wanderfreunde-wiltingen.de\/wp-content\/uploads\/2025\/09\/Spielplatz-Geispifferhuette.jpg?fit=1024%2C768&amp;ssl=1\" class=\"wp-image-946 size-medium\" src=\"https:\/\/i0.wp.com\/wanderfreunde-wiltingen.de\/wp-content\/uploads\/2025\/09\/Spielplatz-Geispifferhuette.jpg?resize=300%2C225\" alt=\"\" width=\"300\" height=\"225\" srcset=\"https:\/\/i0.wp.com\/wanderfreunde-wiltingen.de\/wp-content\/uploads\/2025\/09\/Spielplatz-Geispifferhuette.jpg?resize=300%2C225&amp;ssl=1 300w, https:\/\/i0.wp.com\/wanderfreunde-wiltingen.de\/wp-content\/uploads\/2025\/09\/Spielplatz-Geispifferhuette.jpg?resize=1024%2C768&amp;ssl=1 1024w, https:\/\/i0.wp.com\/wanderfreunde-wiltingen.de\/wp-content\/uploads\/2025\/09\/Spielplatz-Geispifferhuette.jpg?resize=768%2C576&amp;ssl=1 768w, https:\/\/i0.wp.com\/wanderfreunde-wiltingen.de\/wp-content\/uploads\/2025\/09\/Spielplatz-Geispifferhuette.jpg?w=1280&amp;ssl=1 1280w\" sizes=\"auto, (max-width: 300px) 100vw, 300px\" \/><figcaption id=\"caption-attachment-946\" class=\"wp-caption-text\">Spielplatz<\/figcaption><\/figure>\r\n<figure id=\"attachment_772\" aria-describedby=\"caption-attachment-772\" style=\"width: 300px\" class=\"wp-caption alignnone\"><img data-recalc-dims=\"1\" loading=\"lazy\" decoding=\"async\" data-attachment-id=\"772\" data-permalink=\"https:\/\/wanderfreunde-wiltingen.de\/index.php\/beispiel-seite\/memo0006\/\" data-orig-file=\"https:\/\/i0.wp.com\/wanderfreunde-wiltingen.de\/wp-content\/uploads\/2025\/09\/MEMO0006.jpg?fit=1600%2C1200&amp;ssl=1\" data-orig-size=\"1600,1200\" data-comments-opened=\"1\" data-image-meta=\"{&quot;aperture&quot;:&quot;3.3&quot;,&quot;credit&quot;:&quot;&quot;,&quot;camera&quot;:&quot;DMC-TZ10&quot;,&quot;caption&quot;:&quot;&quot;,&quot;created_timestamp&quot;:&quot;1634028639&quot;,&quot;copyright&quot;:&quot;&quot;,&quot;focal_length&quot;:&quot;4.1&quot;,&quot;iso&quot;:&quot;320&quot;,&quot;shutter_speed&quot;:&quot;0.033333333333333&quot;,&quot;title&quot;:&quot;&quot;,&quot;orientation&quot;:&quot;1&quot;}\" data-image-title=\"MEMO0006\" data-image-description=\"\" data-image-caption=\"\" data-large-file=\"https:\/\/i0.wp.com\/wanderfreunde-wiltingen.de\/wp-content\/uploads\/2025\/09\/MEMO0006.jpg?fit=1024%2C768&amp;ssl=1\" class=\"wp-image-772 size-medium\" src=\"https:\/\/i0.wp.com\/wanderfreunde-wiltingen.de\/wp-content\/uploads\/2025\/09\/MEMO0006.jpg?resize=300%2C225\" alt=\"\" width=\"300\" height=\"225\" srcset=\"https:\/\/i0.wp.com\/wanderfreunde-wiltingen.de\/wp-content\/uploads\/2025\/09\/MEMO0006.jpg?resize=300%2C225&amp;ssl=1 300w, https:\/\/i0.wp.com\/wanderfreunde-wiltingen.de\/wp-content\/uploads\/2025\/09\/MEMO0006.jpg?resize=1024%2C768&amp;ssl=1 1024w, https:\/\/i0.wp.com\/wanderfreunde-wiltingen.de\/wp-content\/uploads\/2025\/09\/MEMO0006.jpg?resize=768%2C576&amp;ssl=1 768w, https:\/\/i0.wp.com\/wanderfreunde-wiltingen.de\/wp-content\/uploads\/2025\/09\/MEMO0006.jpg?resize=1536%2C1152&amp;ssl=1 1536w, https:\/\/i0.wp.com\/wanderfreunde-wiltingen.de\/wp-content\/uploads\/2025\/09\/MEMO0006.jpg?w=1600&amp;ssl=1 1600w\" sizes=\"auto, (max-width: 300px) 100vw, 300px\" \/><figcaption id=\"caption-attachment-772\" class=\"wp-caption-text\">Toilettenanlage<\/figcaption><\/figure>\r\n\r\n\r\n\r\n<figure id=\"attachment_475\" aria-describedby=\"caption-attachment-475\" style=\"width: 300px\" class=\"wp-caption alignleft\"><img data-recalc-dims=\"1\" loading=\"lazy\" decoding=\"async\" data-attachment-id=\"475\" data-permalink=\"https:\/\/wanderfreunde-wiltingen.de\/b49f7ef4-c8b2-42bd-a526-cca1a3f3be60\/\" data-orig-file=\"https:\/\/i0.wp.com\/wanderfreunde-wiltingen.de\/wp-content\/uploads\/2021\/10\/B49F7EF4-C8B2-42BD-A526-CCA1A3F3BE60-scaled.jpeg?fit=2560%2C1920&amp;ssl=1\" data-orig-size=\"2560,1920\" data-comments-opened=\"1\" data-image-meta=\"{&quot;aperture&quot;:&quot;2.8&quot;,&quot;credit&quot;:&quot;&quot;,&quot;camera&quot;:&quot;iPhone 8 Plus&quot;,&quot;caption&quot;:&quot;&quot;,&quot;created_timestamp&quot;:&quot;1528028381&quot;,&quot;copyright&quot;:&quot;&quot;,&quot;focal_length&quot;:&quot;6.6&quot;,&quot;iso&quot;:&quot;20&quot;,&quot;shutter_speed&quot;:&quot;0.002375296912114&quot;,&quot;title&quot;:&quot;&quot;,&quot;orientation&quot;:&quot;1&quot;}\" data-image-title=\"B49F7EF4-C8B2-42BD-A526-CCA1A3F3BE60\" data-image-description=\"\" data-image-caption=\"\" data-large-file=\"https:\/\/i0.wp.com\/wanderfreunde-wiltingen.de\/wp-content\/uploads\/2021\/10\/B49F7EF4-C8B2-42BD-A526-CCA1A3F3BE60-scaled.jpeg?fit=1024%2C768&amp;ssl=1\" class=\"wp-image-475 size-medium\" src=\"https:\/\/i0.wp.com\/wanderfreunde-wiltingen.de\/wp-content\/uploads\/2021\/10\/B49F7EF4-C8B2-42BD-A526-CCA1A3F3BE60.jpeg?resize=300%2C225\" alt=\"\" width=\"300\" height=\"225\" srcset=\"https:\/\/i0.wp.com\/wanderfreunde-wiltingen.de\/wp-content\/uploads\/2021\/10\/B49F7EF4-C8B2-42BD-A526-CCA1A3F3BE60-scaled.jpeg?resize=300%2C225&amp;ssl=1 300w, https:\/\/i0.wp.com\/wanderfreunde-wiltingen.de\/wp-content\/uploads\/2021\/10\/B49F7EF4-C8B2-42BD-A526-CCA1A3F3BE60-scaled.jpeg?resize=1024%2C768&amp;ssl=1 1024w, https:\/\/i0.wp.com\/wanderfreunde-wiltingen.de\/wp-content\/uploads\/2021\/10\/B49F7EF4-C8B2-42BD-A526-CCA1A3F3BE60-scaled.jpeg?resize=768%2C576&amp;ssl=1 768w, https:\/\/i0.wp.com\/wanderfreunde-wiltingen.de\/wp-content\/uploads\/2021\/10\/B49F7EF4-C8B2-42BD-A526-CCA1A3F3BE60-scaled.jpeg?resize=1536%2C1152&amp;ssl=1 1536w, https:\/\/i0.wp.com\/wanderfreunde-wiltingen.de\/wp-content\/uploads\/2021\/10\/B49F7EF4-C8B2-42BD-A526-CCA1A3F3BE60-scaled.jpeg?resize=2048%2C1536&amp;ssl=1 2048w, https:\/\/i0.wp.com\/wanderfreunde-wiltingen.de\/wp-content\/uploads\/2021\/10\/B49F7EF4-C8B2-42BD-A526-CCA1A3F3BE60-scaled.jpeg?w=2280 2280w\" sizes=\"auto, (max-width: 300px) 100vw, 300px\" \/><figcaption id=\"caption-attachment-475\" class=\"wp-caption-text\">Ausblick<\/figcaption><\/figure>\r\n<figure id=\"attachment_1015\" aria-describedby=\"caption-attachment-1015\" style=\"width: 225px\" class=\"wp-caption alignnone\"><img data-recalc-dims=\"1\" loading=\"lazy\" decoding=\"async\" data-attachment-id=\"1015\" data-permalink=\"https:\/\/wanderfreunde-wiltingen.de\/index.php\/feiern-auf-der-geispiffer-huette\/geispifferhuette-maerz-2025\/\" data-orig-file=\"https:\/\/i0.wp.com\/wanderfreunde-wiltingen.de\/wp-content\/uploads\/2025\/09\/Geispifferhuette-Maerz-2025.jpg?fit=1500%2C2000&amp;ssl=1\" data-orig-size=\"1500,2000\" data-comments-opened=\"1\" data-image-meta=\"{&quot;aperture&quot;:&quot;0&quot;,&quot;credit&quot;:&quot;&quot;,&quot;camera&quot;:&quot;&quot;,&quot;caption&quot;:&quot;&quot;,&quot;created_timestamp&quot;:&quot;0&quot;,&quot;copyright&quot;:&quot;&quot;,&quot;focal_length&quot;:&quot;0&quot;,&quot;iso&quot;:&quot;0&quot;,&quot;shutter_speed&quot;:&quot;0&quot;,&quot;title&quot;:&quot;&quot;,&quot;orientation&quot;:&quot;0&quot;}\" data-image-title=\"Geispifferh\u00fctte M\u00e4rz 2025\" data-image-description=\"\" data-image-caption=\"\" data-large-file=\"https:\/\/i0.wp.com\/wanderfreunde-wiltingen.de\/wp-content\/uploads\/2025\/09\/Geispifferhuette-Maerz-2025.jpg?fit=768%2C1024&amp;ssl=1\" class=\"wp-image-1015 size-medium\" src=\"https:\/\/i0.wp.com\/wanderfreunde-wiltingen.de\/wp-content\/uploads\/2025\/09\/Geispifferhuette-Maerz-2025.jpg?resize=225%2C300\" alt=\"\" width=\"225\" height=\"300\" srcset=\"https:\/\/i0.wp.com\/wanderfreunde-wiltingen.de\/wp-content\/uploads\/2025\/09\/Geispifferhuette-Maerz-2025.jpg?resize=225%2C300&amp;ssl=1 225w, https:\/\/i0.wp.com\/wanderfreunde-wiltingen.de\/wp-content\/uploads\/2025\/09\/Geispifferhuette-Maerz-2025.jpg?resize=768%2C1024&amp;ssl=1 768w, https:\/\/i0.wp.com\/wanderfreunde-wiltingen.de\/wp-content\/uploads\/2025\/09\/Geispifferhuette-Maerz-2025.jpg?resize=1152%2C1536&amp;ssl=1 1152w, https:\/\/i0.wp.com\/wanderfreunde-wiltingen.de\/wp-content\/uploads\/2025\/09\/Geispifferhuette-Maerz-2025.jpg?w=1500&amp;ssl=1 1500w\" sizes=\"auto, (max-width: 225px) 100vw, 225px\" \/><figcaption id=\"caption-attachment-1015\" class=\"wp-caption-text\">Anlage der Geispifferh\u00fctte im Fr\u00fchling<\/figcaption><\/figure>\r\n","protected":false},"excerpt":{"rendered":"<p>Ob Geburtstag, Hochzeit, Abifeier, Kindtaufe, Familienfeier, oder &#8230; das ideale Gel\u00e4nde, um ungest\u00f6rt zu feiern.<\/p>\n","protected":false},"author":2,"featured_media":0,"parent":0,"menu_order":0,"comment_status":"closed","ping_status":"closed","template":"","meta":{"footnotes":""},"class_list":["post-492","page","type-page","status-publish","hentry"],"jetpack_sharing_enabled":true,"jetpack_shortlink":"https:\/\/wp.me\/P9yj9q-7W","jetpack_likes_enabled":true,"jetpack-related-posts":[],"_links":{"self":[{"href":"https:\/\/wanderfreunde-wiltingen.de\/index.php\/wp-json\/wp\/v2\/pages\/492","targetHints":{"allow":["GET"]}}],"collection":[{"href":"https:\/\/wanderfreunde-wiltingen.de\/index.php\/wp-json\/wp\/v2\/pages"}],"about":[{"href":"https:\/\/wanderfreunde-wiltingen.de\/index.php\/wp-json\/wp\/v2\/types\/page"}],"author":[{"embeddable":true,"href":"https:\/\/wanderfreunde-wiltingen.de\/index.php\/wp-json\/wp\/v2\/users\/2"}],"replies":[{"embeddable":true,"href":"https:\/\/wanderfreunde-wiltingen.de\/index.php\/wp-json\/wp\/v2\/comments?post=492"}],"version-history":[{"count":21,"href":"https:\/\/wanderfreunde-wiltingen.de\/index.php\/wp-json\/wp\/v2\/pages\/492\/revisions"}],"predecessor-version":[{"id":1051,"href":"https:\/\/wanderfreunde-wiltingen.de\/index.php\/wp-json\/wp\/v2\/pages\/492\/revisions\/1051"}],"wp:attachment":[{"href":"https:\/\/wanderfreunde-wiltingen.de\/index.php\/wp-json\/wp\/v2\/media?parent=492"}],"curies":[{"name":"wp","href":"https:\/\/api.w.org\/{rel}","templated":true}]}}