{"id":263,"date":"2018-05-01T18:04:23","date_gmt":"2018-05-01T16:04:23","guid":{"rendered":"http:\/\/wanderfreunde-wiltingen.de\/?page_id=263"},"modified":"2025-09-29T18:29:01","modified_gmt":"2025-09-29T16:29:01","slug":"buchungsanfrage","status":"publish","type":"page","link":"https:\/\/wanderfreunde-wiltingen.de\/index.php\/buchungsanfrage\/","title":{"rendered":"Buchungsanfrage"},"content":{"rendered":"\r\n<p>Buchungen der Geispifferh\u00fctte bitte ausschlie\u00dflich telefonisch \u00fcber unseren H\u00fcttenwart Herrn Peter Mangrich Telefon: 06501-17212<\/p>\r\n\r\n\r\n\r\n\r\n","protected":false},"excerpt":{"rendered":"<p>Buchungen der Geispifferh\u00fctte bitte ausschlie\u00dflich telefonisch \u00fcber unseren H\u00fcttenwart Herrn Peter Mangrich Telefon: 06501-17212<\/p>\n","protected":false},"author":1,"featured_media":0,"parent":0,"menu_order":0,"comment_status":"closed","ping_status":"closed","template":"","meta":{"footnotes":""},"class_list":["post-263","page","type-page","status-publish","hentry"],"jetpack_sharing_enabled":true,"jetpack_shortlink":"https:\/\/wp.me\/P9yj9q-4f","jetpack_likes_enabled":true,"jetpack-related-posts":[],"_links":{"self":[{"href":"https:\/\/wanderfreunde-wiltingen.de\/index.php\/wp-json\/wp\/v2\/pages\/263","targetHints":{"allow":["GET"]}}],"collection":[{"href":"https:\/\/wanderfreunde-wiltingen.de\/index.php\/wp-json\/wp\/v2\/pages"}],"about":[{"href":"https:\/\/wanderfreunde-wiltingen.de\/index.php\/wp-json\/wp\/v2\/types\/page"}],"author":[{"embeddable":true,"href":"https:\/\/wanderfreunde-wiltingen.de\/index.php\/wp-json\/wp\/v2\/users\/1"}],"replies":[{"embeddable":true,"href":"https:\/\/wanderfreunde-wiltingen.de\/index.php\/wp-json\/wp\/v2\/comments?post=263"}],"version-history":[{"count":31,"href":"https:\/\/wanderfreunde-wiltingen.de\/index.php\/wp-json\/wp\/v2\/pages\/263\/revisions"}],"predecessor-version":[{"id":838,"href":"https:\/\/wanderfreunde-wiltingen.de\/index.php\/wp-json\/wp\/v2\/pages\/263\/revisions\/838"}],"wp:attachment":[{"href":"https:\/\/wanderfreunde-wiltingen.de\/index.php\/wp-json\/wp\/v2\/media?parent=263"}],"curies":[{"name":"wp","href":"https:\/\/api.w.org\/{rel}","templated":true}]}}