{"id":20,"date":"2017-07-23T07:15:40","date_gmt":"2017-07-23T05:15:40","guid":{"rendered":"http:\/\/wanderfreunde-wiltingen.de\/?page_id=20"},"modified":"2025-10-01T09:56:20","modified_gmt":"2025-10-01T07:56:20","slug":"geschichte","status":"publish","type":"page","link":"https:\/\/wanderfreunde-wiltingen.de\/index.php\/geschichte\/","title":{"rendered":"Geschichte"},"content":{"rendered":"<h3>Die Enstehungsgeschichte<\/h3>\n<p>Ein unerfreulicher Fussballnachmittag in Wiltingen soll der Anlass zur Gr\u00fcndung eines Wandervereins gewesen sein.<\/p>\n<p>Wetter, Spiel und Ergebnis boten keinen Anlass zur Freude, weshalb sich einige Zuschauer f\u00fcr den kommenden Sonntag zu einer Wanderung verabredeten.<\/p>\n<p>Bald war man einer Meinung, das &#8222;Solowandern&#8220; etwas zu organisieren und so trafen sich am 07. April 1976 zehn Gelegenheitswanderer im Gasthaus Kratz.<\/p>\n<p>Schnell war man sich einig, einen Verein zu gr\u00fcnden, der folgenden Namen tr\u00e4gt:<\/p>\n<h3><strong>Wanderfreunde Wiltingen e.V.<\/strong><\/h3>\n<p>Ein f\u00fcnfk\u00f6pfiger Wanderausschuss, der die Wanderungen vorbereiten sollte, wurde gew\u00e4hlt und ein monatlicher Mitgliedsbeitrag von 1,00 DM festgelegt, der sich 25 Jahre nicht erh\u00f6ht hat.<\/p>\n<p>Heute in 2025 bertr\u00e4gt der Mitgliedsbeitrag 8 \u20ac (seit 2002).<\/p>\n<p><span style=\"font-size: 14pt;\"><strong>Gr\u00fcndungsmitglieder waren unter anderem:<\/strong><\/span><\/p>\n<p><strong>Albert Sch\u00e4fer<\/strong> (der von 1976 bis zu seinem Tode 1990 Vorsitzender war)<\/p>\n<p><strong>Franz K\u00f6ppinger<\/strong> (der von 1976 im Vorstand und ab 1990 ebenfalls bis zu seinem Tode 2005 Vorsitzender war)<\/p>\n<p><strong>Ingeborg Newel<\/strong> (sie war die erste Schriftf\u00fchrerin des Vereins)<\/p>\n<p><strong>Alfons Newel<\/strong><\/p>\n<p><strong>Andreas Klassen<\/strong> (er war der erste Kassenwart des Vereins)<\/p>\n<p>Schnell fand der neue Verein bei Wiltingen und in den Nachbarorten Zuspruch.<\/p>\n<p>Im selben Jahr, am 31. Dezember 1976, geh\u00f6rten ihm schon 33 Mitglieder an.<\/p>\n<p>Von Jahr zu Jahr stiegen die Mitgliederzahlen.<\/p>\n<p>Aktuell (2025) sind es 113 Mitglieder.<\/p>\n<p>Aufgrund der steigenden Mitgliederzahlen und der besseren Basis bei evtl. Bauvorhaben wurde der Verein am 31. Oktober 1978 beim Amtsgericht Trier in das Vereinsregister eingetragen.<\/p>\n<p>Die Geispifferh\u00fctte wurde im Jahre 1980 auf dem Gel\u00e4nde der damaligen verwahrlosten M\u00fcllkippe in 2400 Arbeitsstunden von flei\u00dfigen Helfern und dem THW Trier erbaut.<\/p>\n<p>Die H\u00fctte hat ihren Namen nach der Gemarkung &#8222;Geispiffer&#8220;<\/p>\n<p>Das Wandern und die gemeinsamen Ausfl\u00fcge waren und sind die Hauptaktivit\u00e4ten des Vereins.<\/p>\n<p>Diese finden in der Regel jeden zweiten Sonntag im Monat statt.<\/p>\n<p>Au\u00dferdem bewirten wir jedes Jahr an Vatertag unsere Geispifferh\u00fctte mit hausgemachter Erbsensuppe, Schwenkbraten, W\u00fcrstchen, Pommes, Kaffee &amp; Kuchen und diversen Getr\u00e4nken.<\/p>\n<p>Seit 2024 veranstalten wir, auf der Geispifferh\u00fctte, einen Weihnachtsmarkt.<\/p>\n<p>Dieses Jahr am 1. Advent (30. November 2025)<\/p>\n","protected":false},"excerpt":{"rendered":"<p>Die Enstehungsgeschichte Ein unerfreulicher Fussballnachmittag in Wiltingen soll der Anlass zur Gr\u00fcndung eines Wandervereins gewesen sein. Wetter, Spiel und Ergebnis boten keinen Anlass zur Freude, weshalb sich einige Zuschauer f\u00fcr den kommenden Sonntag zu einer Wanderung verabredeten. Bald war man einer Meinung, das &#8222;Solowandern&#8220; etwas zu organisieren und so trafen sich am 07. April 1976 [&hellip;]<\/p>\n","protected":false},"author":1,"featured_media":0,"parent":0,"menu_order":0,"comment_status":"closed","ping_status":"closed","template":"","meta":{"footnotes":""},"class_list":["post-20","page","type-page","status-publish","hentry"],"jetpack_sharing_enabled":true,"jetpack_shortlink":"https:\/\/wp.me\/P9yj9q-k","jetpack_likes_enabled":true,"jetpack-related-posts":[],"_links":{"self":[{"href":"https:\/\/wanderfreunde-wiltingen.de\/index.php\/wp-json\/wp\/v2\/pages\/20","targetHints":{"allow":["GET"]}}],"collection":[{"href":"https:\/\/wanderfreunde-wiltingen.de\/index.php\/wp-json\/wp\/v2\/pages"}],"about":[{"href":"https:\/\/wanderfreunde-wiltingen.de\/index.php\/wp-json\/wp\/v2\/types\/page"}],"author":[{"embeddable":true,"href":"https:\/\/wanderfreunde-wiltingen.de\/index.php\/wp-json\/wp\/v2\/users\/1"}],"replies":[{"embeddable":true,"href":"https:\/\/wanderfreunde-wiltingen.de\/index.php\/wp-json\/wp\/v2\/comments?post=20"}],"version-history":[{"count":30,"href":"https:\/\/wanderfreunde-wiltingen.de\/index.php\/wp-json\/wp\/v2\/pages\/20\/revisions"}],"predecessor-version":[{"id":1053,"href":"https:\/\/wanderfreunde-wiltingen.de\/index.php\/wp-json\/wp\/v2\/pages\/20\/revisions\/1053"}],"wp:attachment":[{"href":"https:\/\/wanderfreunde-wiltingen.de\/index.php\/wp-json\/wp\/v2\/media?parent=20"}],"curies":[{"name":"wp","href":"https:\/\/api.w.org\/{rel}","templated":true}]}}